{"id":10594,"date":"2024-07-30T15:02:46","date_gmt":"2024-07-30T15:02:46","guid":{"rendered":"https:\/\/farah.pethemes.com\/?page_id=10594"},"modified":"2025-01-20T20:19:51","modified_gmt":"2025-01-20T20:19:51","slug":"projects-list","status":"publish","type":"page","link":"https:\/\/miniwal.ee\/en\/projects-list\/","title":{"rendered":"Projects &#8211; List"},"content":{"rendered":"\t\t<div data-elementor-type=\"wp-page\" data-elementor-id=\"10594\" class=\"elementor elementor-10594\" data-elementor-post-type=\"page\">\n\t\t\t\t\n\n\n\t<div class=\"elementor-element elementor-element-cc0afab e-con-full e-flex convert--none scrubbed__false pinned__false bg--none no e-con e-parent\" data-id=\"cc0afab\" data-element_type=\"container\" data-e-type=\"container\">\n\t\t\n\n\n\t<div class=\"elementor-element elementor-element-e238d18 e-con-full e-flex convert--none scrubbed__false pinned__false bg--none no e-con e-child\" data-id=\"e238d18\" data-element_type=\"container\" data-e-type=\"container\">\n\t\t\t\t<div class=\"elementor-element elementor-element-e8a0a38 elementor-widget elementor-widget-petextwrapper\" data-id=\"e8a0a38\" data-element_type=\"widget\" data-e-type=\"widget\" data-widget_type=\"petextwrapper.default\">\n\t\t\t\t<div class=\"elementor-widget-container\">\n\t\t\t\t\t\n    \n        <div class=\"text-wrapper\">\n\n            <p                class=\"text-h1   no-margin   \"  >\n                PROJECTS <span class=\"inserted--sup--text  false elementor-repeater-item-18bd47d\" >[15]<\/span><\/p>\n\n        <\/div>\n\n        \t\t\t\t<\/div>\n\t\t\t\t<\/div>\n\t\t\t\t<div class=\"elementor-element elementor-element-0160861 elementor-widget elementor-widget-petextwrapper\" data-id=\"0160861\" data-element_type=\"widget\" data-e-type=\"widget\" data-widget_type=\"petextwrapper.default\">\n\t\t\t\t<div class=\"elementor-widget-container\">\n\t\t\t\t\t\n    \n        <div class=\"text-wrapper\">\n\n            <p                class=\"text-p   no-margin   \"  >\n                SELECTED WORKS\n<br> 2022 <span class=\"inner--icon false elementor-repeater-item-3e980b1 me--slide-right\"  data-duration=\"1\" data-delay=\"0\"><i aria-hidden=\"true\" class=\"material-icons md-arrow_forward\" data-md-icon=\"arrow_forward\"><\/i><\/span> 2024<\/p>\n\n        <\/div>\n\n        \t\t\t\t<\/div>\n\t\t\t\t<\/div>\n\t\t\t\t<\/div>\n\t\t\t\t<\/div>\n\t\t\n\n\n\t<div class=\"elementor-element elementor-element-f0b04dd e-con-full e-flex convert--none scrubbed__false pinned__false bg--none no e-con e-parent\" data-id=\"f0b04dd\" data-element_type=\"container\" data-e-type=\"container\">\n\t\t\n\n\n\t<div class=\"elementor-element elementor-element-5ad4336 e-con-full e-flex convert--none scrubbed__false pinned__false bg--none no e-con e-child\" data-id=\"5ad4336\" data-element_type=\"container\" data-e-type=\"container\">\n\t\t\t\t<div class=\"elementor-element elementor-element-f9cdc4a scrubbed__false pinned__false elementor-widget elementor-widget-peportfolio\" data-id=\"f9cdc4a\" data-element_type=\"widget\" data-e-type=\"widget\" data-widget_type=\"peportfolio.default\">\n\t\t\t\t<div class=\"elementor-widget-container\">\n\t\t\t\t\t\n\n\t\t<div class=\"pe--portfolio generate--grid anim-multiple show--counts portfolio--list\"\n\t\t\tdata-max-pages=\"1\" >\n\n\n\t\t\t<input type=\"hidden\" name=\"url\" value=\"https:\/\/miniwal.ee\/en\/wp-json\/wp\/v2\/pages\/10594\">\n\t\t\t<input type=\"hidden\" name=\"offset\" value=\"0\">\n\t\t\t<input type=\"hidden\" name=\"cat\" value=\"\">\n\n\t\t\t<div class=\"portfolio--controls inner--anim\">\n\n\t\t\t\t\t\t\t\t\t<div class=\"portfolio--filters\">\n\n\t\t\t\t\t\t<div data-length=\"[6]\" class=\"filter--active\" data-cat=\"all\">\n\t\t\t\t\t\t\tAll Projects\t\t\t\t\t\t<\/div>\n\n\t\t\t\t\t\t<ul class=\"filter--cat--list\">\n\n\t\t\t\t\t\t\t<li data-length=\"[6]\" class=\"filter--cat cat_all active\">All Projects<\/li><li data-length=\"[2]\" data-id=\"60\" class=\"filter--cat cat_arhitektuurne-3d\">Arhitektuurne 3D<\/li><li data-length=\"[0]\" data-id=\"61\" class=\"filter--cat cat_bannerreklaamid\">B\u00e4nnerreklaamid<\/li><li data-length=\"[1]\" data-id=\"62\" class=\"filter--cat cat_graafiline-disain\">Graafiline disain<\/li><li data-length=\"[2]\" data-id=\"73\" class=\"filter--cat cat_veebidisain\">Veebilehed<\/li><li data-length=\"[0]\" data-id=\"75\" class=\"filter--cat cat_illustratsioonid\">Illustratsioonid<\/li><li data-length=\"[0]\" data-id=\"76\" class=\"filter--cat cat_fotograafia\">Fotograafia<\/li><li data-length=\"[1]\" data-id=\"77\" class=\"filter--cat cat_tootedisain\">Tootedisain<\/li>\n\t\t\t\t\t\t<\/ul>\n\n\t\t\t\t\t<\/div>\n\t\t\t\t\n\t\t\t\t\t\t\t\t\t<div class=\"pe--switcher switcher--brackets\">\n\n\t\t\t\t\t\t<div class=\"ps--switch\">\n\t\t\t\t\t\t\t\t\t\t\t\t\t\t<span class=\"ps--grid\">Grid<\/span>\n\t\t\t\t\t\t\t<span class=\"ps--list\">List<\/span>\n\n\t\t\t\t\t\t<\/div>\n\n\t\t\t\t\t<\/div>\n\t\t\t\t\n\t\t\t<\/div>\n\n\t\t\t<div class=\"portfolio--projects--wrapper\">\n\n\t\t\t\t<div class=\"static--grid grid--for__f9cdc4a\">\n\n\t\t\t\t\t\n\t\t\t\t\t<span class=\"gn--line gn--line_1\" style=\"--line:1\"><\/span><span class=\"gn--line gn--line_1\" style=\"--line:1\"><\/span><span class=\"gn--line gn--line_2\" style=\"--line:2\"><\/span><span class=\"gn--line gn--line_2\" style=\"--line:2\"><\/span>\n\n\t\t\t\t\t<span class=\"gn--line-hor gn--line_1\" style=\"--line:1\"><\/span><span class=\"gn--line-hor gn--line_1\" style=\"--line:1\"><\/span><span class=\"gn--line-hor gn--line_2\" style=\"--line:2\"><\/span><span class=\"gn--line-hor gn--line_2\" style=\"--line:2\"><\/span>\n\n\n\t\t\t\t<\/div>\n\n\t\t\t\t\n\t\t\t\t\t<div class=\"portfolio--project inner--anim\" data-id=\"14024\">\n\n\t\t\t\t\t\t<article id=\"post-14024\" class=\"post-14024 portfolio type-portfolio status-publish hentry project-categories-branding-2 project-categories-veebidisain\">\n\n\t\t\t\t\t\t\t<a class=\"barba--trigger\" href=\"https:\/\/miniwal.ee\/en\/portfoolio\/eesti-looduskosmeetika\/\" data-cursor=\"true\" data-cursor-type=\"text\" data-cursor-text=\"VIEW CASE\" data-cursor-icon=\"\"\t\t\t\t\t\t\t\tdata-id=\"14024\">\n\n\t\t\t\t\t\t\t\t<div class=\"project--image project__image__14024\">\n\n\t\t\t\t\t\t\t\t\t\n\t\t\t<img fetchpriority=\"high\" decoding=\"async\" width=\"1678\" height=\"1164\" src=\"https:\/\/miniwal.ee\/wp-content\/uploads\/2025\/02\/thumb.jpg\" class=\"attachment-full size-full\" alt=\"\" srcset=\"https:\/\/miniwal.ee\/wp-content\/uploads\/2025\/02\/thumb.jpg 1678w, https:\/\/miniwal.ee\/wp-content\/uploads\/2025\/02\/thumb-1200x832.jpg 1200w, https:\/\/miniwal.ee\/wp-content\/uploads\/2025\/02\/thumb-768x533.jpg 768w, https:\/\/miniwal.ee\/wp-content\/uploads\/2025\/02\/thumb-1536x1065.jpg 1536w, https:\/\/miniwal.ee\/wp-content\/uploads\/2025\/02\/thumb-18x12.jpg 18w\" sizes=\"(max-width: 1678px) 100vw, 1678px\" \/>\n\n\t\t\n\t\t\t\t\t\t\t\t<\/div>\n\n\t\t\t\t\t\t\t\t<div class=\"project--details\">\n\n\t\t\t\t\t\t\t\t\t<div class=\"project--tc\">\n\n\t\t\t\t\t\t\t\t\t\t<div class=\"project--title\">Eesti Loodus- kosmeetika<\/div>\n\n\t\t\t\t\t\t\t\t\t\t\n\t\t\t\t\t\t\t\t\t\t\t<div class=\"project--cat\">\n\n\t\t\t\t\t\t\t\t\t\t\t\tBr\u00e4nding, Veebilehed\n\t\t\t\t\t\t\t\t\t\t\t<\/div>\n\n\t\t\t\t\t\t\t\t\t\t\n\t\t\t\t\t\t\t\t\t<\/div>\n\n\t\t\t\t\t\t\t\t\t<div class=\"project--meta\">\n\n\t\t\t\t\t\t\t\t\t\t\t\t\t\t\t\t\t\t\t\t\t<div class=\"project--client\">\n\t\t\t\t\t\t\t\t\t\t\t\t\/ Veebidisain\t\t\t\t\t\t\t\t\t\t\t<\/div>\n\t\t\t\t\t\t\t\t\t\t\n\t\t\t\t\t\t\t\t\t\t\t\t\t\t\t\t\t\t\t\t\t<div class=\"project--date\">\n\t\t\t\t\t\t\t\t\t\t\t\t\/ Br\u00e4nding\t\t\t\t\t\t\t\t\t\t\t<\/div>\n\t\t\t\t\t\t\t\t\t\t\n\n\n\t\t\t\t\t\t\t\t\t<\/div>\n\n\t\t\t\t\t\t\t\t\t<div class=\"project--list--icon\">\n\n\t\t\t\t\t\t\t\t\t\t<i aria-hidden=\"true\" class=\"material-icons md-arrow_outward\" data-md-icon=\"arrow_outward\"><\/i>\n\t\t\t\t\t\t\t\t\t<\/div>\n\n\n\t\t\t\t\t\t\t\t<\/div>\n\n\t\t\t\t\t\t\t<\/a>\n\n\t\t\t\t\t\t<\/article>\n\n\t\t\t\t\t<\/div>\n\n\t\t\t\t\n\t\t\t\t\t<div class=\"portfolio--project inner--anim\" data-id=\"13636\">\n\n\t\t\t\t\t\t<article id=\"post-13636\" class=\"post-13636 portfolio type-portfolio status-publish hentry project-categories-graafiline-disain\">\n\n\t\t\t\t\t\t\t<a class=\"barba--trigger\" href=\"https:\/\/miniwal.ee\/en\/portfoolio\/muster-vaike-prints\/\" data-cursor=\"true\" data-cursor-type=\"text\" data-cursor-text=\"VIEW CASE\" data-cursor-icon=\"\"\t\t\t\t\t\t\t\tdata-id=\"13636\">\n\n\t\t\t\t\t\t\t\t<div class=\"project--image project__image__13636\">\n\n\t\t\t\t\t\t\t\t\t\n\t\t\t<img decoding=\"async\" width=\"1000\" height=\"750\" src=\"https:\/\/miniwal.ee\/wp-content\/uploads\/2025\/01\/myts-2.jpg\" class=\"attachment-full size-full\" alt=\"\" srcset=\"https:\/\/miniwal.ee\/wp-content\/uploads\/2025\/01\/myts-2.jpg 1000w, https:\/\/miniwal.ee\/wp-content\/uploads\/2025\/01\/myts-2-768x576.jpg 768w, https:\/\/miniwal.ee\/wp-content\/uploads\/2025\/01\/myts-2-16x12.jpg 16w, https:\/\/miniwal.ee\/wp-content\/uploads\/2025\/01\/myts-2-300x225.jpg 300w\" sizes=\"(max-width: 1000px) 100vw, 1000px\" \/>\n\n\t\t\n\t\t\t\t\t\t\t\t<\/div>\n\n\t\t\t\t\t\t\t\t<div class=\"project--details\">\n\n\t\t\t\t\t\t\t\t\t<div class=\"project--tc\">\n\n\t\t\t\t\t\t\t\t\t\t<div class=\"project--title\">Muster &#8220;V\u00e4ike Prints&#8221;<\/div>\n\n\t\t\t\t\t\t\t\t\t\t\n\t\t\t\t\t\t\t\t\t\t\t<div class=\"project--cat\">\n\n\t\t\t\t\t\t\t\t\t\t\t\tGraafiline disain\n\t\t\t\t\t\t\t\t\t\t\t<\/div>\n\n\t\t\t\t\t\t\t\t\t\t\n\t\t\t\t\t\t\t\t\t<\/div>\n\n\t\t\t\t\t\t\t\t\t<div class=\"project--meta\">\n\n\t\t\t\t\t\t\t\t\t\t\n\t\t\t\t\t\t\t\t\t\t\t\t\t\t\t\t\t\t\t\t\t<div class=\"project--date\">\n\t\t\t\t\t\t\t\t\t\t\t\t2024\t\t\t\t\t\t\t\t\t\t\t<\/div>\n\t\t\t\t\t\t\t\t\t\t\n\n\n\t\t\t\t\t\t\t\t\t<\/div>\n\n\t\t\t\t\t\t\t\t\t<div class=\"project--list--icon\">\n\n\t\t\t\t\t\t\t\t\t\t<i aria-hidden=\"true\" class=\"material-icons md-arrow_outward\" data-md-icon=\"arrow_outward\"><\/i>\n\t\t\t\t\t\t\t\t\t<\/div>\n\n\n\t\t\t\t\t\t\t\t<\/div>\n\n\t\t\t\t\t\t\t<\/a>\n\n\t\t\t\t\t\t<\/article>\n\n\t\t\t\t\t<\/div>\n\n\t\t\t\t\n\t\t\t\t\t<div class=\"portfolio--project inner--anim\" data-id=\"13431\">\n\n\t\t\t\t\t\t<article id=\"post-13431\" class=\"post-13431 portfolio type-portfolio status-publish hentry project-categories-tootedisain\">\n\n\t\t\t\t\t\t\t<a class=\"barba--trigger\" href=\"https:\/\/miniwal.ee\/en\/portfoolio\/noor-kasitookuunlad\/\" data-cursor=\"true\" data-cursor-type=\"text\" data-cursor-text=\"VIEW CASE\" data-cursor-icon=\"\"\t\t\t\t\t\t\t\tdata-id=\"13431\">\n\n\t\t\t\t\t\t\t\t<div class=\"project--image project__image__13431\">\n\n\t\t\t\t\t\t\t\t\t\n\t\t\t<img decoding=\"async\" width=\"1920\" height=\"1261\" src=\"https:\/\/miniwal.ee\/wp-content\/uploads\/2025\/01\/marjane-vyrts-3.jpg\" class=\"attachment-full size-full\" alt=\"\" srcset=\"https:\/\/miniwal.ee\/wp-content\/uploads\/2025\/01\/marjane-vyrts-3.jpg 1920w, https:\/\/miniwal.ee\/wp-content\/uploads\/2025\/01\/marjane-vyrts-3-1200x788.jpg 1200w, https:\/\/miniwal.ee\/wp-content\/uploads\/2025\/01\/marjane-vyrts-3-768x504.jpg 768w, https:\/\/miniwal.ee\/wp-content\/uploads\/2025\/01\/marjane-vyrts-3-1536x1009.jpg 1536w, https:\/\/miniwal.ee\/wp-content\/uploads\/2025\/01\/marjane-vyrts-3-18x12.jpg 18w, https:\/\/miniwal.ee\/wp-content\/uploads\/2025\/01\/marjane-vyrts-3-300x197.jpg 300w\" sizes=\"(max-width: 1920px) 100vw, 1920px\" \/>\n\n\t\t\n\t\t\t\t\t\t\t\t<\/div>\n\n\t\t\t\t\t\t\t\t<div class=\"project--details\">\n\n\t\t\t\t\t\t\t\t\t<div class=\"project--tc\">\n\n\t\t\t\t\t\t\t\t\t\t<div class=\"project--title\">N\u00f6\u00f6r k\u00e4sit\u00f6\u00f6k\u00fc\u00fcnlad<\/div>\n\n\t\t\t\t\t\t\t\t\t\t\n\t\t\t\t\t\t\t\t\t\t\t<div class=\"project--cat\">\n\n\t\t\t\t\t\t\t\t\t\t\t\tTootedisain\n\t\t\t\t\t\t\t\t\t\t\t<\/div>\n\n\t\t\t\t\t\t\t\t\t\t\n\t\t\t\t\t\t\t\t\t<\/div>\n\n\t\t\t\t\t\t\t\t\t<div class=\"project--meta\">\n\n\t\t\t\t\t\t\t\t\t\t\n\t\t\t\t\t\t\t\t\t\t\t\t\t\t\t\t\t\t\t\t\t<div class=\"project--date\">\n\t\t\t\t\t\t\t\t\t\t\t\t\/ 2024\t\t\t\t\t\t\t\t\t\t\t<\/div>\n\t\t\t\t\t\t\t\t\t\t\n\n\n\t\t\t\t\t\t\t\t\t<\/div>\n\n\t\t\t\t\t\t\t\t\t<div class=\"project--list--icon\">\n\n\t\t\t\t\t\t\t\t\t\t<i aria-hidden=\"true\" class=\"material-icons md-arrow_outward\" data-md-icon=\"arrow_outward\"><\/i>\n\t\t\t\t\t\t\t\t\t<\/div>\n\n\n\t\t\t\t\t\t\t\t<\/div>\n\n\t\t\t\t\t\t\t<\/a>\n\n\t\t\t\t\t\t<\/article>\n\n\t\t\t\t\t<\/div>\n\n\t\t\t\t\n\t\t\t\t\t<div class=\"portfolio--project inner--anim\" data-id=\"13249\">\n\n\t\t\t\t\t\t<article id=\"post-13249\" class=\"post-13249 portfolio type-portfolio status-publish hentry project-categories-veebidisain\">\n\n\t\t\t\t\t\t\t<a class=\"barba--trigger\" href=\"https:\/\/miniwal.ee\/en\/portfoolio\/nordik-sisustuspoe-veebileht\/\" data-cursor=\"true\" data-cursor-type=\"text\" data-cursor-text=\"VIEW CASE\" data-cursor-icon=\"\"\t\t\t\t\t\t\t\tdata-id=\"13249\">\n\n\t\t\t\t\t\t\t\t<div class=\"project--image project__image__13249\">\n\n\t\t\t\t\t\t\t\t\t\n\t\t\t<img loading=\"lazy\" decoding=\"async\" width=\"1920\" height=\"1735\" src=\"https:\/\/miniwal.ee\/wp-content\/uploads\/2025\/01\/nordik-portfoolio-3.jpg\" class=\"attachment-full size-full\" alt=\"\" srcset=\"https:\/\/miniwal.ee\/wp-content\/uploads\/2025\/01\/nordik-portfoolio-3.jpg 1920w, https:\/\/miniwal.ee\/wp-content\/uploads\/2025\/01\/nordik-portfoolio-3-1200x1084.jpg 1200w, https:\/\/miniwal.ee\/wp-content\/uploads\/2025\/01\/nordik-portfoolio-3-768x694.jpg 768w, https:\/\/miniwal.ee\/wp-content\/uploads\/2025\/01\/nordik-portfoolio-3-1536x1388.jpg 1536w, https:\/\/miniwal.ee\/wp-content\/uploads\/2025\/01\/nordik-portfoolio-3-13x12.jpg 13w, https:\/\/miniwal.ee\/wp-content\/uploads\/2025\/01\/nordik-portfoolio-3-300x271.jpg 300w\" sizes=\"(max-width: 1920px) 100vw, 1920px\" \/>\n\n\t\t\n\t\t\t\t\t\t\t\t<\/div>\n\n\t\t\t\t\t\t\t\t<div class=\"project--details\">\n\n\t\t\t\t\t\t\t\t\t<div class=\"project--tc\">\n\n\t\t\t\t\t\t\t\t\t\t<div class=\"project--title\">Nordik sisustuspoe veebileht<\/div>\n\n\t\t\t\t\t\t\t\t\t\t\n\t\t\t\t\t\t\t\t\t\t\t<div class=\"project--cat\">\n\n\t\t\t\t\t\t\t\t\t\t\t\tVeebilehed\n\t\t\t\t\t\t\t\t\t\t\t<\/div>\n\n\t\t\t\t\t\t\t\t\t\t\n\t\t\t\t\t\t\t\t\t<\/div>\n\n\t\t\t\t\t\t\t\t\t<div class=\"project--meta\">\n\n\t\t\t\t\t\t\t\t\t\t\t\t\t\t\t\t\t\t\t\t\t<div class=\"project--client\">\n\t\t\t\t\t\t\t\t\t\t\t\t\/ Nordik\t\t\t\t\t\t\t\t\t\t\t<\/div>\n\t\t\t\t\t\t\t\t\t\t\n\t\t\t\t\t\t\t\t\t\t\t\t\t\t\t\t\t\t\t\t\t<div class=\"project--date\">\n\t\t\t\t\t\t\t\t\t\t\t\t\/ 2024\t\t\t\t\t\t\t\t\t\t\t<\/div>\n\t\t\t\t\t\t\t\t\t\t\n\n\n\t\t\t\t\t\t\t\t\t<\/div>\n\n\t\t\t\t\t\t\t\t\t<div class=\"project--list--icon\">\n\n\t\t\t\t\t\t\t\t\t\t<i aria-hidden=\"true\" class=\"material-icons md-arrow_outward\" data-md-icon=\"arrow_outward\"><\/i>\n\t\t\t\t\t\t\t\t\t<\/div>\n\n\n\t\t\t\t\t\t\t\t<\/div>\n\n\t\t\t\t\t\t\t<\/a>\n\n\t\t\t\t\t\t<\/article>\n\n\t\t\t\t\t<\/div>\n\n\t\t\t\t\n\t\t\t\t\t<div class=\"portfolio--project inner--anim\" data-id=\"13010\">\n\n\t\t\t\t\t\t<article id=\"post-13010\" class=\"post-13010 portfolio type-portfolio status-publish hentry project-categories-arhitektuurne-3d\">\n\n\t\t\t\t\t\t\t<a class=\"barba--trigger\" href=\"https:\/\/miniwal.ee\/en\/portfoolio\/3d-sisevaated\/\" data-cursor=\"true\" data-cursor-type=\"text\" data-cursor-text=\"VIEW CASE\" data-cursor-icon=\"\"\t\t\t\t\t\t\t\tdata-id=\"13010\">\n\n\t\t\t\t\t\t\t\t<div class=\"project--image project__image__13010\">\n\n\t\t\t\t\t\t\t\t\t\n\t\t\t<img loading=\"lazy\" decoding=\"async\" width=\"1600\" height=\"900\" src=\"https:\/\/miniwal.ee\/wp-content\/uploads\/2025\/01\/vannituba-s.jpg\" class=\"attachment-full size-full\" alt=\"\" srcset=\"https:\/\/miniwal.ee\/wp-content\/uploads\/2025\/01\/vannituba-s.jpg 1600w, https:\/\/miniwal.ee\/wp-content\/uploads\/2025\/01\/vannituba-s-800x450.jpg 800w, https:\/\/miniwal.ee\/wp-content\/uploads\/2025\/01\/vannituba-s-1024x576.jpg 1024w, https:\/\/miniwal.ee\/wp-content\/uploads\/2025\/01\/vannituba-s-768x432.jpg 768w, https:\/\/miniwal.ee\/wp-content\/uploads\/2025\/01\/vannituba-s-1536x864.jpg 1536w, https:\/\/miniwal.ee\/wp-content\/uploads\/2025\/01\/vannituba-s-18x10.jpg 18w, https:\/\/miniwal.ee\/wp-content\/uploads\/2025\/01\/vannituba-s-300x169.jpg 300w\" sizes=\"(max-width: 1600px) 100vw, 1600px\" \/>\n\n\t\t\n\t\t\t\t\t\t\t\t<\/div>\n\n\t\t\t\t\t\t\t\t<div class=\"project--details\">\n\n\t\t\t\t\t\t\t\t\t<div class=\"project--tc\">\n\n\t\t\t\t\t\t\t\t\t\t<div class=\"project--title\">3D sisevaated<\/div>\n\n\t\t\t\t\t\t\t\t\t\t\n\t\t\t\t\t\t\t\t\t\t\t<div class=\"project--cat\">\n\n\t\t\t\t\t\t\t\t\t\t\t\tArhitektuurne 3D\n\t\t\t\t\t\t\t\t\t\t\t<\/div>\n\n\t\t\t\t\t\t\t\t\t\t\n\t\t\t\t\t\t\t\t\t<\/div>\n\n\t\t\t\t\t\t\t\t\t<div class=\"project--meta\">\n\n\t\t\t\t\t\t\t\t\t\t\t\t\t\t\t\t\t\t\t\t\t<div class=\"project--client\">\n\t\t\t\t\t\t\t\t\t\t\t\tSisedisain\t\t\t\t\t\t\t\t\t\t\t<\/div>\n\t\t\t\t\t\t\t\t\t\t\n\t\t\t\t\t\t\t\t\t\t\t\t\t\t\t\t\t\t\t\t\t<div class=\"project--date\">\n\t\t\t\t\t\t\t\t\t\t\t\tKorteriplaanid\t\t\t\t\t\t\t\t\t\t\t<\/div>\n\t\t\t\t\t\t\t\t\t\t\n\n\n\t\t\t\t\t\t\t\t\t<\/div>\n\n\t\t\t\t\t\t\t\t\t<div class=\"project--list--icon\">\n\n\t\t\t\t\t\t\t\t\t\t<i aria-hidden=\"true\" class=\"material-icons md-arrow_outward\" data-md-icon=\"arrow_outward\"><\/i>\n\t\t\t\t\t\t\t\t\t<\/div>\n\n\n\t\t\t\t\t\t\t\t<\/div>\n\n\t\t\t\t\t\t\t<\/a>\n\n\t\t\t\t\t\t<\/article>\n\n\t\t\t\t\t<\/div>\n\n\t\t\t\t\n\t\t\t\t\t<div class=\"portfolio--project inner--anim\" data-id=\"156\">\n\n\t\t\t\t\t\t<article id=\"post-156\" class=\"post-156 portfolio type-portfolio status-publish hentry project-categories-arhitektuurne-3d\">\n\n\t\t\t\t\t\t\t<a class=\"barba--trigger\" href=\"https:\/\/miniwal.ee\/en\/portfoolio\/3d-v2lisvaated\/\" data-cursor=\"true\" data-cursor-type=\"text\" data-cursor-text=\"VIEW CASE\" data-cursor-icon=\"\"\t\t\t\t\t\t\t\tdata-id=\"156\">\n\n\t\t\t\t\t\t\t\t<div class=\"project--image project__image__156\">\n\n\t\t\t\t\t\t\t\t\t\n\t\t\t\t<div class=\"pe-video pe-vimeo\" data-controls=false data-autoplay=true data-muted=true\n\t\t\t\t\tdata-loop=true>\n\n\t\t\t\t\n\t\t\t\t\t\t<div class=\"p-video\" data-plyr-provider=\"vimeo\"\n\t\t\t\t\t\t\tdata-plyr-embed-id=\"1043292409\"><\/div>\n\n\n\t\t\t\t\n\t\t\t\t<\/div>\n\n\t\t\n\t\t\t\t\t\t\t\t<\/div>\n\n\t\t\t\t\t\t\t\t<div class=\"project--details\">\n\n\t\t\t\t\t\t\t\t\t<div class=\"project--tc\">\n\n\t\t\t\t\t\t\t\t\t\t<div class=\"project--title\">3D v\u00e4lisvaated<\/div>\n\n\t\t\t\t\t\t\t\t\t\t\n\t\t\t\t\t\t\t\t\t\t\t<div class=\"project--cat\">\n\n\t\t\t\t\t\t\t\t\t\t\t\tArhitektuurne 3D\n\t\t\t\t\t\t\t\t\t\t\t<\/div>\n\n\t\t\t\t\t\t\t\t\t\t\n\t\t\t\t\t\t\t\t\t<\/div>\n\n\t\t\t\t\t\t\t\t\t<div class=\"project--meta\">\n\n\t\t\t\t\t\t\t\t\t\t\n\t\t\t\t\t\t\t\t\t\t\n\n\n\t\t\t\t\t\t\t\t\t<\/div>\n\n\t\t\t\t\t\t\t\t\t<div class=\"project--list--icon\">\n\n\t\t\t\t\t\t\t\t\t\t<i aria-hidden=\"true\" class=\"material-icons md-arrow_outward\" data-md-icon=\"arrow_outward\"><\/i>\n\t\t\t\t\t\t\t\t\t<\/div>\n\n\n\t\t\t\t\t\t\t\t<\/div>\n\n\t\t\t\t\t\t\t<\/a>\n\n\t\t\t\t\t\t<\/article>\n\n\t\t\t\t\t<\/div>\n\n\t\t\t\t\n\t\t\t<\/div>\n\n\t\t\t<div class=\"portfolio--list--images--wrapper\">\n\n\n\t\t\t\t\n\n\t\t\t\t\t<div class=\"list-img image_14024\">\n\t\t\t\t\t<div class=\"project-image\">\n\n\t\t\t\t\t\t\n\t\t\t<img fetchpriority=\"high\" decoding=\"async\" width=\"1678\" height=\"1164\" src=\"https:\/\/miniwal.ee\/wp-content\/uploads\/2025\/02\/thumb.jpg\" class=\"attachment-full size-full\" alt=\"\" srcset=\"https:\/\/miniwal.ee\/wp-content\/uploads\/2025\/02\/thumb.jpg 1678w, https:\/\/miniwal.ee\/wp-content\/uploads\/2025\/02\/thumb-1200x832.jpg 1200w, https:\/\/miniwal.ee\/wp-content\/uploads\/2025\/02\/thumb-768x533.jpg 768w, https:\/\/miniwal.ee\/wp-content\/uploads\/2025\/02\/thumb-1536x1065.jpg 1536w, https:\/\/miniwal.ee\/wp-content\/uploads\/2025\/02\/thumb-18x12.jpg 18w\" sizes=\"(max-width: 1678px) 100vw, 1678px\" \/>\n\n\t\t\t\t\t\t\t\t<\/div>\n\t\t\t\t\t<\/div>\n\n\t\t\t\t\n\n\t\t\t\t\t<div class=\"list-img image_13636\">\n\t\t\t\t\t<div class=\"project-image\">\n\n\t\t\t\t\t\t\n\t\t\t<img decoding=\"async\" width=\"1000\" height=\"750\" src=\"https:\/\/miniwal.ee\/wp-content\/uploads\/2025\/01\/myts-2.jpg\" class=\"attachment-full size-full\" alt=\"\" srcset=\"https:\/\/miniwal.ee\/wp-content\/uploads\/2025\/01\/myts-2.jpg 1000w, https:\/\/miniwal.ee\/wp-content\/uploads\/2025\/01\/myts-2-768x576.jpg 768w, https:\/\/miniwal.ee\/wp-content\/uploads\/2025\/01\/myts-2-16x12.jpg 16w, https:\/\/miniwal.ee\/wp-content\/uploads\/2025\/01\/myts-2-300x225.jpg 300w\" sizes=\"(max-width: 1000px) 100vw, 1000px\" \/>\n\n\t\t\t\t\t\t\t\t<\/div>\n\t\t\t\t\t<\/div>\n\n\t\t\t\t\n\n\t\t\t\t\t<div class=\"list-img image_13431\">\n\t\t\t\t\t<div class=\"project-image\">\n\n\t\t\t\t\t\t\n\t\t\t<img decoding=\"async\" width=\"1920\" height=\"1261\" src=\"https:\/\/miniwal.ee\/wp-content\/uploads\/2025\/01\/marjane-vyrts-3.jpg\" class=\"attachment-full size-full\" alt=\"\" srcset=\"https:\/\/miniwal.ee\/wp-content\/uploads\/2025\/01\/marjane-vyrts-3.jpg 1920w, https:\/\/miniwal.ee\/wp-content\/uploads\/2025\/01\/marjane-vyrts-3-1200x788.jpg 1200w, https:\/\/miniwal.ee\/wp-content\/uploads\/2025\/01\/marjane-vyrts-3-768x504.jpg 768w, https:\/\/miniwal.ee\/wp-content\/uploads\/2025\/01\/marjane-vyrts-3-1536x1009.jpg 1536w, https:\/\/miniwal.ee\/wp-content\/uploads\/2025\/01\/marjane-vyrts-3-18x12.jpg 18w, https:\/\/miniwal.ee\/wp-content\/uploads\/2025\/01\/marjane-vyrts-3-300x197.jpg 300w\" sizes=\"(max-width: 1920px) 100vw, 1920px\" \/>\n\n\t\t\t\t\t\t\t\t<\/div>\n\t\t\t\t\t<\/div>\n\n\t\t\t\t\n\n\t\t\t\t\t<div class=\"list-img image_13249\">\n\t\t\t\t\t<div class=\"project-image\">\n\n\t\t\t\t\t\t\n\t\t\t<img loading=\"lazy\" decoding=\"async\" width=\"1920\" height=\"1735\" src=\"https:\/\/miniwal.ee\/wp-content\/uploads\/2025\/01\/nordik-portfoolio-3.jpg\" class=\"attachment-full size-full\" alt=\"\" srcset=\"https:\/\/miniwal.ee\/wp-content\/uploads\/2025\/01\/nordik-portfoolio-3.jpg 1920w, https:\/\/miniwal.ee\/wp-content\/uploads\/2025\/01\/nordik-portfoolio-3-1200x1084.jpg 1200w, https:\/\/miniwal.ee\/wp-content\/uploads\/2025\/01\/nordik-portfoolio-3-768x694.jpg 768w, https:\/\/miniwal.ee\/wp-content\/uploads\/2025\/01\/nordik-portfoolio-3-1536x1388.jpg 1536w, https:\/\/miniwal.ee\/wp-content\/uploads\/2025\/01\/nordik-portfoolio-3-13x12.jpg 13w, https:\/\/miniwal.ee\/wp-content\/uploads\/2025\/01\/nordik-portfoolio-3-300x271.jpg 300w\" sizes=\"(max-width: 1920px) 100vw, 1920px\" \/>\n\n\t\t\t\t\t\t\t\t<\/div>\n\t\t\t\t\t<\/div>\n\n\t\t\t\t\n\n\t\t\t\t\t<div class=\"list-img image_13010\">\n\t\t\t\t\t<div class=\"project-image\">\n\n\t\t\t\t\t\t\n\t\t\t<img loading=\"lazy\" decoding=\"async\" width=\"1600\" height=\"900\" src=\"https:\/\/miniwal.ee\/wp-content\/uploads\/2025\/01\/vannituba-s.jpg\" class=\"attachment-full size-full\" alt=\"\" srcset=\"https:\/\/miniwal.ee\/wp-content\/uploads\/2025\/01\/vannituba-s.jpg 1600w, https:\/\/miniwal.ee\/wp-content\/uploads\/2025\/01\/vannituba-s-800x450.jpg 800w, https:\/\/miniwal.ee\/wp-content\/uploads\/2025\/01\/vannituba-s-1024x576.jpg 1024w, https:\/\/miniwal.ee\/wp-content\/uploads\/2025\/01\/vannituba-s-768x432.jpg 768w, https:\/\/miniwal.ee\/wp-content\/uploads\/2025\/01\/vannituba-s-1536x864.jpg 1536w, https:\/\/miniwal.ee\/wp-content\/uploads\/2025\/01\/vannituba-s-18x10.jpg 18w, https:\/\/miniwal.ee\/wp-content\/uploads\/2025\/01\/vannituba-s-300x169.jpg 300w\" sizes=\"(max-width: 1600px) 100vw, 1600px\" \/>\n\n\t\t\t\t\t\t\t\t<\/div>\n\t\t\t\t\t<\/div>\n\n\t\t\t\t\n\n\t\t\t\t\t<div class=\"list-img image_156\">\n\t\t\t\t\t<div class=\"project-image\">\n\n\t\t\t\t\t\t\n\t\t\t\t<div class=\"pe-video pe-vimeo\" data-controls=false data-autoplay=true data-muted=true\n\t\t\t\t\tdata-loop=true>\n\n\t\t\t\t\n\t\t\t\t\t\t<div class=\"p-video\" data-plyr-provider=\"vimeo\"\n\t\t\t\t\t\t\tdata-plyr-embed-id=\"1043292409\"><\/div>\n\n\n\t\t\t\t\n\t\t\t\t<\/div>\n\n\t\t\t\t\t\t\t\t<\/div>\n\t\t\t\t\t<\/div>\n\n\t\t\t\t\n\n\n\t\t\t<\/div>\n\n\n\t\t\t\n\t\t\t\t<div class=\"portfolio--pagination\" style=\"text-align: center\">\n\n\t\t\t\t\t\n    <div class=\"pe--button pb--background false false false pb--icon icon__right pb--normal\">\n\n        <div class=\"pe--button--wrapper\">\n\n            <a href=\"#.\">\n                <span class=\"pb__main\">LOAD MORE PROJECTS<i aria-hidden=\"true\" class=\"material-icons-sharp md-arrow_downward\"><\/i>\n                    \n\n                            <span class=\"pb__hover\">LOAD MORE PROJECTS<i aria-hidden=\"true\" class=\"material-icons-sharp md-arrow_downward\"><\/i><\/span>\n\n                        \n                <\/span>\n\n\n                \n                <\/a>\n\n        <\/div>\n\n    <\/div>\n\n\n\n\t\t\t\t<\/div>\n\n\t\t\t\n\t\t<\/div>\n\n\n\t\t\t\t\t\t<\/div>\n\t\t\t\t<\/div>\n\t\t\t\t<\/div>\n\t\t\t\t<\/div>\n\t\t\t\t<\/div>\n\t\t","protected":false},"excerpt":{"rendered":"<p>PROJECTS [15] SELECTED WORKS 2022 2024 All Projects All Projects Arhitektuurne 3D B\u00e4nnerreklaamid Graafiline disain Veebilehed Illustratsioonid Fotograafia Tootedisain Grid&#8230;<\/p>\n","protected":false},"author":1,"featured_media":0,"parent":0,"menu_order":0,"comment_status":"closed","ping_status":"closed","template":"","meta":{"_acf_changed":false,"footnotes":""},"class_list":["post-10594","page","type-page","status-publish","hentry"],"acf":[],"_links":{"self":[{"href":"https:\/\/miniwal.ee\/en\/wp-json\/wp\/v2\/pages\/10594","targetHints":{"allow":["GET"]}}],"collection":[{"href":"https:\/\/miniwal.ee\/en\/wp-json\/wp\/v2\/pages"}],"about":[{"href":"https:\/\/miniwal.ee\/en\/wp-json\/wp\/v2\/types\/page"}],"author":[{"embeddable":true,"href":"https:\/\/miniwal.ee\/en\/wp-json\/wp\/v2\/users\/1"}],"replies":[{"embeddable":true,"href":"https:\/\/miniwal.ee\/en\/wp-json\/wp\/v2\/comments?post=10594"}],"version-history":[{"count":4,"href":"https:\/\/miniwal.ee\/en\/wp-json\/wp\/v2\/pages\/10594\/revisions"}],"predecessor-version":[{"id":13700,"href":"https:\/\/miniwal.ee\/en\/wp-json\/wp\/v2\/pages\/10594\/revisions\/13700"}],"wp:attachment":[{"href":"https:\/\/miniwal.ee\/en\/wp-json\/wp\/v2\/media?parent=10594"}],"curies":[{"name":"wp","href":"https:\/\/api.w.org\/{rel}","templated":true}]}}