{"id":10784,"date":"2024-07-30T19:51:30","date_gmt":"2024-07-30T19:51:30","guid":{"rendered":"https:\/\/farah.pethemes.com\/?page_id=10784"},"modified":"2025-01-20T21:35:49","modified_gmt":"2025-01-20T21:35:49","slug":"tehtud-t88d","status":"publish","type":"page","link":"https:\/\/miniwal.ee\/en\/tehtud-t88d\/","title":{"rendered":"Portfoolio2"},"content":{"rendered":"<div data-elementor-type=\"wp-page\" data-elementor-id=\"10784\" class=\"elementor elementor-10784\" data-elementor-post-type=\"page\">\n\t\t\t\t\n\n\n\t<div class=\"elementor-element elementor-element-6bb8413 e-con-full e-flex convert--none scrubbed__false pinned__false bg--none no e-con e-parent\" data-id=\"6bb8413\" data-element_type=\"container\" data-e-type=\"container\">\n\t\t\t\t<div class=\"elementor-element elementor-element-d1ceea3 elementor-fixed e-transform elementor-widget elementor-widget-petextwrapper\" data-id=\"d1ceea3\" data-element_type=\"widget\" data-e-type=\"widget\" data-settings=\"{&quot;_position&quot;:&quot;fixed&quot;,&quot;_transform_translateX_effect&quot;:{&quot;unit&quot;:&quot;%&quot;,&quot;size&quot;:&quot;&quot;,&quot;sizes&quot;:[]},&quot;_transform_translateX_effect_tablet&quot;:{&quot;unit&quot;:&quot;%&quot;,&quot;size&quot;:&quot;&quot;,&quot;sizes&quot;:[]},&quot;_transform_translateX_effect_mobile&quot;:{&quot;unit&quot;:&quot;%&quot;,&quot;size&quot;:&quot;&quot;,&quot;sizes&quot;:[]},&quot;_transform_translateY_effect&quot;:{&quot;unit&quot;:&quot;%&quot;,&quot;size&quot;:-50,&quot;sizes&quot;:[]},&quot;_transform_translateY_effect_tablet&quot;:{&quot;unit&quot;:&quot;%&quot;,&quot;size&quot;:&quot;&quot;,&quot;sizes&quot;:[]},&quot;_transform_translateY_effect_mobile&quot;:{&quot;unit&quot;:&quot;%&quot;,&quot;size&quot;:&quot;&quot;,&quot;sizes&quot;:[]}}\" data-widget_type=\"petextwrapper.default\">\n\t\t\t\t<div class=\"elementor-widget-container\">\n\t\t\t\t\t\n    \n        <div class=\"text-wrapper\">\n\n            <p                class=\"text-h1   no-margin\"  >\n                <\/p>\n\n        <\/div>\n\n        \t\t\t\t<\/div>\n\t\t\t\t<\/div>\n\t\t\t\t<div class=\"elementor-element elementor-element-c8208d9 grid_lines_yes will__animated scrubbed__false pinned__false elementor-widget elementor-widget-peinfinitegrid\" data-id=\"c8208d9\" data-element_type=\"widget\" data-e-type=\"widget\" data-widget_type=\"peinfinitegrid.default\">\n\t\t\t\t<div class=\"elementor-widget-container\">\n\t\t\t\t\t\n        <div class=\"infinite--grid vid--no--ratio anim-multiple\" data-autoplay=\"true\"\n            data-autoplay-duration=\"90\"\n            data-column=\"3\" data-anim-general=\"true\" data-animation=\"maskDown\" data-settings=\"{duration=1.5;delay=0.4;stagger=0.03;pin=false;pinTarget=;scrub=false;item_ref_start=top;window_ref_start=bottom;item_ref_end=bottom;window_ref_end=top;out=false}\">\n\n\n            <div class=\"infinite--grid--wrapper\">\n                \n                    <div class=\"grid--column column_1\">\n\n                        \n                            \n                                <div class=\"showcase--project project__0\" data-index=\"0\">\n\n                                    <a class=\"barba--trigger image--inner\" href=\"https:\/\/miniwal.ee\/en\/portfoolio\/3d-v2lisvaated\/\"\n                                        data-id=\"156\" >\n                                        <div class=\"project--image inner--anim project__image__156\">\n                                            \n\t\t\t\t<div class=\"pe-video pe-vimeo\" data-controls=\"false\" data-autoplay=\"true\" data-muted=\"true\t\t\t\t\tdata-loop=true\">\n\n\t\t\t\t\n\t\t\t\t\t\t<div class=\"p-video\" data-plyr-provider=\"vimeo\"\n\t\t\t\t\t\t\tdata-plyr-embed-id=\"1043292409\"><\/div>\n\n\n\t\t\t\t\n\t\t\t\t<\/div>\n\n\t\t                                        <\/div>\n\n                                        <div class=\"project--meta\">\n                                            <div class=\"project--title\">\n                                                3D v\u00e4lisvaated                                            <\/div>\n\n                                                                                            <div class=\"project--category\">\n                                                    Arhitektuurne 3D                                                <\/div>\n                                            \n                                        <\/div>\n                                    <\/a>\n                                <\/div>\n                            \n                        \n                            \n                        \n                            \n                        \n                            \n                                <div class=\"showcase--project project__3\" data-index=\"3\">\n\n                                    <a class=\"barba--trigger image--inner\" href=\"https:\/\/miniwal.ee\/en\/portfoolio\/endoveri-reklaamid\/\"\n                                        data-id=\"13169\" >\n                                        <div class=\"project--image inner--anim project__image__13169\">\n                                            \n\t\t\t<img fetchpriority=\"high\" decoding=\"async\" width=\"1920\" height=\"1440\" src=\"https:\/\/miniwal.ee\/wp-content\/uploads\/2025\/01\/ads.jpg\" class=\"attachment-full size-full\" alt=\"\" srcset=\"https:\/\/miniwal.ee\/wp-content\/uploads\/2025\/01\/ads.jpg 1920w, https:\/\/miniwal.ee\/wp-content\/uploads\/2025\/01\/ads-1200x900.jpg 1200w, https:\/\/miniwal.ee\/wp-content\/uploads\/2025\/01\/ads-768x576.jpg 768w, https:\/\/miniwal.ee\/wp-content\/uploads\/2025\/01\/ads-1536x1152.jpg 1536w, https:\/\/miniwal.ee\/wp-content\/uploads\/2025\/01\/ads-16x12.jpg 16w, https:\/\/miniwal.ee\/wp-content\/uploads\/2025\/01\/ads-300x225.jpg 300w\" sizes=\"(max-width: 1920px) 100vw, 1920px\" \/>\n\n\t\t                                        <\/div>\n\n                                        <div class=\"project--meta\">\n                                            <div class=\"project--title\">\n                                                Endoveri reklaamid                                            <\/div>\n\n                                                                                            <div class=\"project--category\">\n                                                    Reklaammaterjalid                                                <\/div>\n                                            \n                                        <\/div>\n                                    <\/a>\n                                <\/div>\n                            \n                        \n                            \n                        \n                            \n                        \n                            \n                                <div class=\"showcase--project project__6\" data-index=\"6\">\n\n                                    <a class=\"barba--trigger image--inner\" href=\"https:\/\/miniwal.ee\/en\/portfoolio\/muster-vaike-prints\/\"\n                                        data-id=\"13636\" >\n                                        <div class=\"project--image inner--anim project__image__13636\">\n                                            \n\t\t\t<img decoding=\"async\" width=\"1000\" height=\"750\" src=\"https:\/\/miniwal.ee\/wp-content\/uploads\/2025\/01\/myts-2.jpg\" class=\"attachment-full size-full\" alt=\"\" srcset=\"https:\/\/miniwal.ee\/wp-content\/uploads\/2025\/01\/myts-2.jpg 1000w, https:\/\/miniwal.ee\/wp-content\/uploads\/2025\/01\/myts-2-768x576.jpg 768w, https:\/\/miniwal.ee\/wp-content\/uploads\/2025\/01\/myts-2-16x12.jpg 16w, https:\/\/miniwal.ee\/wp-content\/uploads\/2025\/01\/myts-2-300x225.jpg 300w\" sizes=\"(max-width: 1000px) 100vw, 1000px\" \/>\n\n\t\t                                        <\/div>\n\n                                        <div class=\"project--meta\">\n                                            <div class=\"project--title\">\n                                                Muster &#8220;V\u00e4ike Prints&#8221;                                            <\/div>\n\n                                                                                            <div class=\"project--category\">\n                                                    Graafiline disain                                                <\/div>\n                                            \n                                        <\/div>\n                                    <\/a>\n                                <\/div>\n                            \n                        \n                    <\/div>\n                \n                    <div class=\"grid--column column_2\">\n\n                        \n                            \n                        \n                            \n                                <div class=\"showcase--project project__1\" data-index=\"1\">\n\n                                    <a class=\"barba--trigger image--inner\" href=\"https:\/\/miniwal.ee\/en\/portfoolio\/3d-sisevaated\/\"\n                                        data-id=\"13010\" >\n                                        <div class=\"project--image inner--anim project__image__13010\">\n                                            \n\t\t\t<img decoding=\"async\" width=\"1600\" height=\"900\" src=\"https:\/\/miniwal.ee\/wp-content\/uploads\/2025\/01\/vannituba-s.jpg\" class=\"attachment-full size-full\" alt=\"\" srcset=\"https:\/\/miniwal.ee\/wp-content\/uploads\/2025\/01\/vannituba-s.jpg 1600w, https:\/\/miniwal.ee\/wp-content\/uploads\/2025\/01\/vannituba-s-800x450.jpg 800w, https:\/\/miniwal.ee\/wp-content\/uploads\/2025\/01\/vannituba-s-1024x576.jpg 1024w, https:\/\/miniwal.ee\/wp-content\/uploads\/2025\/01\/vannituba-s-768x432.jpg 768w, https:\/\/miniwal.ee\/wp-content\/uploads\/2025\/01\/vannituba-s-1536x864.jpg 1536w, https:\/\/miniwal.ee\/wp-content\/uploads\/2025\/01\/vannituba-s-18x10.jpg 18w, https:\/\/miniwal.ee\/wp-content\/uploads\/2025\/01\/vannituba-s-300x169.jpg 300w\" sizes=\"(max-width: 1600px) 100vw, 1600px\" \/>\n\n\t\t                                        <\/div>\n\n                                        <div class=\"project--meta\">\n                                            <div class=\"project--title\">\n                                                3D sisevaated                                            <\/div>\n\n                                                                                            <div class=\"project--category\">\n                                                    Arhitektuurne 3D                                                <\/div>\n                                            \n                                        <\/div>\n                                    <\/a>\n                                <\/div>\n                            \n                        \n                            \n                        \n                            \n                        \n                            \n                                <div class=\"showcase--project project__4\" data-index=\"4\">\n\n                                    <a class=\"barba--trigger image--inner\" href=\"https:\/\/miniwal.ee\/en\/portfoolio\/nordik-sisustuspoe-veebileht\/\"\n                                        data-id=\"13249\" >\n                                        <div class=\"project--image inner--anim project__image__13249\">\n                                            \n\t\t\t<img loading=\"lazy\" decoding=\"async\" width=\"1920\" height=\"1735\" src=\"https:\/\/miniwal.ee\/wp-content\/uploads\/2025\/01\/nordik-portfoolio-3.jpg\" class=\"attachment-full size-full\" alt=\"\" srcset=\"https:\/\/miniwal.ee\/wp-content\/uploads\/2025\/01\/nordik-portfoolio-3.jpg 1920w, https:\/\/miniwal.ee\/wp-content\/uploads\/2025\/01\/nordik-portfoolio-3-1200x1084.jpg 1200w, https:\/\/miniwal.ee\/wp-content\/uploads\/2025\/01\/nordik-portfoolio-3-768x694.jpg 768w, https:\/\/miniwal.ee\/wp-content\/uploads\/2025\/01\/nordik-portfoolio-3-1536x1388.jpg 1536w, https:\/\/miniwal.ee\/wp-content\/uploads\/2025\/01\/nordik-portfoolio-3-13x12.jpg 13w, https:\/\/miniwal.ee\/wp-content\/uploads\/2025\/01\/nordik-portfoolio-3-300x271.jpg 300w\" sizes=\"(max-width: 1920px) 100vw, 1920px\" \/>\n\n\t\t                                        <\/div>\n\n                                        <div class=\"project--meta\">\n                                            <div class=\"project--title\">\n                                                Nordik sisustuspoe veebileht                                            <\/div>\n\n                                                                                            <div class=\"project--category\">\n                                                    Veebilehed                                                <\/div>\n                                            \n                                        <\/div>\n                                    <\/a>\n                                <\/div>\n                            \n                        \n                            \n                        \n                            \n                        \n                    <\/div>\n                \n                    <div class=\"grid--column column_3\">\n\n                        \n                            \n                        \n                            \n                        \n                            \n                                <div class=\"showcase--project project__2\" data-index=\"2\">\n\n                                    <a class=\"barba--trigger image--inner\" href=\"https:\/\/miniwal.ee\/en\/portfoolio\/pro-kapitali-reklaamid\/\"\n                                        data-id=\"13125\" >\n                                        <div class=\"project--image inner--anim project__image__13125\">\n                                            \n\t\t\t<img loading=\"lazy\" decoding=\"async\" width=\"1920\" height=\"1440\" src=\"https:\/\/miniwal.ee\/wp-content\/uploads\/2025\/01\/prokapital-ads.jpg\" class=\"attachment-full size-full\" alt=\"\" srcset=\"https:\/\/miniwal.ee\/wp-content\/uploads\/2025\/01\/prokapital-ads.jpg 1920w, https:\/\/miniwal.ee\/wp-content\/uploads\/2025\/01\/prokapital-ads-1200x900.jpg 1200w, https:\/\/miniwal.ee\/wp-content\/uploads\/2025\/01\/prokapital-ads-768x576.jpg 768w, https:\/\/miniwal.ee\/wp-content\/uploads\/2025\/01\/prokapital-ads-1536x1152.jpg 1536w, https:\/\/miniwal.ee\/wp-content\/uploads\/2025\/01\/prokapital-ads-16x12.jpg 16w, https:\/\/miniwal.ee\/wp-content\/uploads\/2025\/01\/prokapital-ads-300x225.jpg 300w\" sizes=\"(max-width: 1920px) 100vw, 1920px\" \/>\n\n\t\t                                        <\/div>\n\n                                        <div class=\"project--meta\">\n                                            <div class=\"project--title\">\n                                                Pro Kapitali reklaamid                                            <\/div>\n\n                                                                                            <div class=\"project--category\">\n                                                    Reklaammaterjalid                                                <\/div>\n                                            \n                                        <\/div>\n                                    <\/a>\n                                <\/div>\n                            \n                        \n                            \n                        \n                            \n                        \n                            \n                                <div class=\"showcase--project project__5\" data-index=\"5\">\n\n                                    <a class=\"barba--trigger image--inner\" href=\"https:\/\/miniwal.ee\/en\/portfoolio\/noor-kasitookuunlad\/\"\n                                        data-id=\"13431\" >\n                                        <div class=\"project--image inner--anim project__image__13431\">\n                                            \n\t\t\t<img loading=\"lazy\" decoding=\"async\" width=\"1920\" height=\"1261\" src=\"https:\/\/miniwal.ee\/wp-content\/uploads\/2025\/01\/marjane-vyrts-3.jpg\" class=\"attachment-full size-full\" alt=\"\" srcset=\"https:\/\/miniwal.ee\/wp-content\/uploads\/2025\/01\/marjane-vyrts-3.jpg 1920w, https:\/\/miniwal.ee\/wp-content\/uploads\/2025\/01\/marjane-vyrts-3-1200x788.jpg 1200w, https:\/\/miniwal.ee\/wp-content\/uploads\/2025\/01\/marjane-vyrts-3-768x504.jpg 768w, https:\/\/miniwal.ee\/wp-content\/uploads\/2025\/01\/marjane-vyrts-3-1536x1009.jpg 1536w, https:\/\/miniwal.ee\/wp-content\/uploads\/2025\/01\/marjane-vyrts-3-18x12.jpg 18w, https:\/\/miniwal.ee\/wp-content\/uploads\/2025\/01\/marjane-vyrts-3-300x197.jpg 300w\" sizes=\"(max-width: 1920px) 100vw, 1920px\" \/>\n\n\t\t                                        <\/div>\n\n                                        <div class=\"project--meta\">\n                                            <div class=\"project--title\">\n                                                N\u00f6\u00f6r k\u00e4sit\u00f6\u00f6k\u00fc\u00fcnlad                                            <\/div>\n\n                                                                                            <div class=\"project--category\">\n                                                    Print Design                                                <\/div>\n                                            \n                                        <\/div>\n                                    <\/a>\n                                <\/div>\n                            \n                        \n                            \n                        \n                    <\/div>\n                            <\/div>\n        <\/div>\n        <\/div>\n\n\n    \t\t\t\t<\/div>\n\t\t\t\t<\/div>\n\t\t\t\t<\/div>\n\t\t\t\t<\/div>","protected":false},"excerpt":{"rendered":"<p>3D v\u00e4lisvaated Arhitektuurne 3D Endoveri reklaamid B\u00e4nnerreklaamidGraafiline disain Muster &#8220;V\u00e4ike Prints&#8221; IllustratsioonidTootedisain 3D sisevaated Arhitektuurne 3D Nordik sisustuspoe veebileht Veebilehed&#8230;<\/p>","protected":false},"author":1,"featured_media":0,"parent":0,"menu_order":0,"comment_status":"closed","ping_status":"closed","template":"","meta":{"_acf_changed":false,"footnotes":""},"class_list":["post-10784","page","type-page","status-publish","hentry"],"acf":[],"_links":{"self":[{"href":"https:\/\/miniwal.ee\/en\/wp-json\/wp\/v2\/pages\/10784","targetHints":{"allow":["GET"]}}],"collection":[{"href":"https:\/\/miniwal.ee\/en\/wp-json\/wp\/v2\/pages"}],"about":[{"href":"https:\/\/miniwal.ee\/en\/wp-json\/wp\/v2\/types\/page"}],"author":[{"embeddable":true,"href":"https:\/\/miniwal.ee\/en\/wp-json\/wp\/v2\/users\/1"}],"replies":[{"embeddable":true,"href":"https:\/\/miniwal.ee\/en\/wp-json\/wp\/v2\/comments?post=10784"}],"version-history":[{"count":9,"href":"https:\/\/miniwal.ee\/en\/wp-json\/wp\/v2\/pages\/10784\/revisions"}],"predecessor-version":[{"id":13770,"href":"https:\/\/miniwal.ee\/en\/wp-json\/wp\/v2\/pages\/10784\/revisions\/13770"}],"wp:attachment":[{"href":"https:\/\/miniwal.ee\/en\/wp-json\/wp\/v2\/media?parent=10784"}],"curies":[{"name":"wp","href":"https:\/\/api.w.org\/{rel}","templated":true}]}}