{"id":13919,"date":"2025-02-19T19:21:12","date_gmt":"2025-02-19T19:21:12","guid":{"rendered":"https:\/\/miniwal.ee\/?page_id=13919"},"modified":"2025-02-19T20:29:11","modified_gmt":"2025-02-19T20:29:11","slug":"vota-uhendust","status":"publish","type":"page","link":"https:\/\/miniwal.ee\/en\/vota-uhendust\/","title":{"rendered":"V\u00f5ta \u00fchendust"},"content":{"rendered":"\t\t<div data-elementor-type=\"wp-page\" data-elementor-id=\"13919\" class=\"elementor elementor-13919\" data-elementor-post-type=\"page\">\n\t\t\t\t\n\n\n\t<div class=\"elementor-element elementor-element-4c9293e e-con-full e-flex convert--none scrubbed__false pinned__false bg--none no e-con e-parent\" data-id=\"4c9293e\" data-element_type=\"container\" data-e-type=\"container\">\n\t\t\t\t<div class=\"elementor-element elementor-element-535ea7d elementor-absolute elementor-widget elementor-widget-pesingleimage\" data-id=\"535ea7d\" data-element_type=\"widget\" data-e-type=\"widget\" data-settings=\"{&quot;_position&quot;:&quot;absolute&quot;}\" data-widget_type=\"pesingleimage.default\">\n\t\t\t\t<div class=\"elementor-widget-container\">\n\t\t\t\t\t\n        <div class=\"single-image parallax--image false\" >\n\n                                                <img decoding=\"async\" src=\"https:\/\/miniwal.ee\/wp-content\/uploads\/2024\/02\/kontakt.jpg\" title=\"kontakt\" alt=\"kontakt\" loading=\"lazy\" \/>\n                    \n\n                        <\/div>\n\n\n        \t\t\t\t<\/div>\n\t\t\t\t<\/div>\n\t\t\n\n\n\t<div class=\"elementor-element elementor-element-8d02ab2 e-con-full e-flex convert--none scrubbed__false pinned__false bg--none no e-con e-child\" data-id=\"8d02ab2\" data-element_type=\"container\" data-e-type=\"container\">\n\t\t\t\t<div class=\"elementor-element elementor-element-5bfa2b0 elementor-widget elementor-widget-petextwrapper\" data-id=\"5bfa2b0\" data-element_type=\"widget\" data-e-type=\"widget\" data-widget_type=\"petextwrapper.default\">\n\t\t\t\t<div class=\"elementor-widget-container\">\n\t\t\t\t\t\n    \n        <div class=\"text-wrapper\">\n\n            <p                class=\"text-p      \"  >\n                <\/p>\n\n        <\/div>\n\n        \t\t\t\t<\/div>\n\t\t\t\t<\/div>\n\t\t\t\t<div class=\"wd--always--show elementor-element elementor-element-4235672 scrubbed__false pinned__false elementor-widget elementor-widget-pebutton\" data-id=\"4235672\" data-element_type=\"widget\" data-e-type=\"widget\" data-widget_type=\"pebutton.default\">\n\t\t\t\t<div class=\"elementor-widget-container\">\n\t\t\t\t\t\n        <div class=\"pe--button false pb--bordered pb--marquee pb--icon icon__right pb--normal pe--scroll--button\" data-scroll-to=\"1300\" data-scroll-duration=\"1\" >\n\n            <div class=\"pe--button--wrapper\" >\n\n                <a href=\"#.\">\n                    <span class=\"pb__main\">SAADA KIRI<i aria-hidden=\"true\" class=\"material-icons-sharp md-arrow_downward\"><\/i>\n                        \n\n                                <span class=\"pb__hover\">SAADA KIRI<i aria-hidden=\"true\" class=\"material-icons-sharp md-arrow_downward\"><\/i><\/span>\n\n                            \n                    <\/span>\n\n                    <span class=\"pb__main\">SAADA KIRI<i aria-hidden=\"true\" class=\"material-icons-sharp md-arrow_downward\"><\/i>\n                        \n\n                                <span class=\"pb__hover\">SAADA KIRI<i aria-hidden=\"true\" class=\"material-icons-sharp md-arrow_downward\"><\/i><\/span>\n\n                            \n                    <\/span>\n\n\n\n                    \n                        <div class=\"pb--marquee--wrap left-to-right\" aria-hidden=\"true\">\n                            <div class=\"pb--marquee__inner\">\n                                <span>SAADA KIRI<i aria-hidden=\"true\" class=\"material-icons-sharp md-arrow_downward\"><\/i><\/span>\n                                <span>SAADA KIRI<i aria-hidden=\"true\" class=\"material-icons-sharp md-arrow_downward\"><\/i><\/span>\n                                <span>SAADA KIRI<i aria-hidden=\"true\" class=\"material-icons-sharp md-arrow_downward\"><\/i><\/span>\n                                <span>SAADA KIRI<i aria-hidden=\"true\" class=\"material-icons-sharp md-arrow_downward\"><\/i><\/span>\n                            <\/div>\n                        <\/div>\n\n                    \n\n                <\/a>\n\n\n\n\n\n\n\n            <\/div>\n\n        <\/div>\n\n        \t\t\t\t<\/div>\n\t\t\t\t<\/div>\n\t\t\t\t<\/div>\n\t\t\n\n\n\t<div class=\"elementor-element elementor-element-f48cddd e-con-full e-flex convert--none scrubbed__false pinned__false bg--none no e-con e-child\" data-id=\"f48cddd\" data-element_type=\"container\" data-e-type=\"container\">\n\t\t\t\t<div class=\"elementor-element elementor-element-4ad3cff elementor-widget elementor-widget-petextwrapper\" data-id=\"4ad3cff\" data-element_type=\"widget\" data-e-type=\"widget\" data-widget_type=\"petextwrapper.default\">\n\t\t\t\t<div class=\"elementor-widget-container\">\n\t\t\t\t\t\n    \n        <div class=\"text-wrapper\">\n\n            <p                class=\"text-h1  big-title no-margin   \"  data-animate=\"true\" data-animation=\"charsUp\" data-settings=\"{duration=1.5;delay=1;stagger=0.1;pin=false;pinTarget=;scrub=false;item_ref_start=top;window_ref_start=bottom;item_ref_end=bottom;window_ref_end=top;out=false;inserted=false}\">\n                Koost\u00f6\u00f6<\/p>\n\n        <\/div>\n\n        \t\t\t\t<\/div>\n\t\t\t\t<\/div>\n\t\t\t\t<\/div>\n\t\t\t\t<\/div>\n\t\t\n\n\n\t<div class=\"elementor-element elementor-element-3cc2a8e e-con-full e-flex convert--none scrubbed__false pinned__false bg--none no e-con e-parent\" data-id=\"3cc2a8e\" data-element_type=\"container\" data-e-type=\"container\">\n\t\t\n\n\n\t<div class=\"elementor-element elementor-element-89802e8 e-con-full e-flex convert--none scrubbed__false pinned__false bg--none no e-con e-child\" data-id=\"89802e8\" data-element_type=\"container\" data-e-type=\"container\">\n\t\t\t\t<div class=\"elementor-element elementor-element-60b427a elementor-widget elementor-widget-petextwrapper\" data-id=\"60b427a\" data-element_type=\"widget\" data-e-type=\"widget\" data-widget_type=\"petextwrapper.default\">\n\t\t\t\t<div class=\"elementor-widget-container\">\n\t\t\t\t\t\n    \n        <div class=\"text-wrapper\">\n\n            <p                class=\"text-p     use--sec--color \"  >\n                [ KAS SOBIN PARTNERIKS? ]<\/p>\n\n        <\/div>\n\n        \t\t\t\t<\/div>\n\t\t\t\t<\/div>\n\t\t\t\t<\/div>\n\t\t\n\n\n\t<div class=\"elementor-element elementor-element-ea693a0 e-con-full e-flex convert--none scrubbed__false pinned__false bg--none no e-con e-child\" data-id=\"ea693a0\" data-element_type=\"container\" data-e-type=\"container\">\n\t\t\t\t<div class=\"elementor-element elementor-element-0bb4fd0 elementor-widget elementor-widget-petextwrapper\" data-id=\"0bb4fd0\" data-element_type=\"widget\" data-e-type=\"widget\" data-widget_type=\"petextwrapper.default\">\n\t\t\t\t<div class=\"elementor-widget-container\">\n\t\t\t\t\t\n    \n        <div class=\"text-wrapper\">\n\n            <p                class=\"text-h5      \"  >\n                Olen avatud nii otseklientidele kui ka allt\u00f6\u00f6v\u00f5tjana tegutsemisele, pakkudes visuaalselt l\u00e4bim\u00f5eldud ja funktsionaalseid disainilahendusi. Minu kliendiks sobivad h\u00e4sti startup'id, reklaamagentuurid ja kinnisvaraarendajad, kes hindavad pikaajalist ja usaldusv\u00e4\u00e4rset koost\u00f6\u00f6d.\n<br\/>\nEelistan pikemaajalist kliendisuhet, kuid v\u00f5tan vastu ka \u00fcksikuid projekte, kui need pakuvad midagi eriliselt p\u00f5nevat.<\/p>\n\n        <\/div>\n\n        \t\t\t\t<\/div>\n\t\t\t\t<\/div>\n\t\t\t\t<\/div>\n\t\t\t\t<\/div>\n\t\t\n\n\n\t\n\t\t<div class=\"container--accordion--title\" data-id=\"14ff479\">\n\n\t\t\t<span class=\"ac-order\">1<\/span>\n\n\t\t\tkontakt\n\t\t\t<!-- <span class=\"accordion-toggle toggle--custom\"> -->\n\n\t\t\t<!-- toggle custom  -->\n\t\t\t<!-- <span class=\"ac--togle ac-toggle-open\"><\/span> -->\n\n\t\t\t<!-- <span class=\"ac--togle ac-toggle-close\"><\/span> -->\n\t\t\t<!-- toggle custom  -->\n\t\t\t<!-- <\/span> -->\n\n\t\t\t<span class=\"accordion-toggle toggle--plus\">\n\n\t\t\t\t<!-- toggle plus  -->\n\t\t\t\t<span><\/span>\n\t\t\t\t<span><\/span>\n\t\t\t\t<!-- toggle plus  -->\n\t\t\t<\/span>\n\n\t\t\t<span class=\"accordion-toggle toggle--dot\">\n\n\t\t\t\t<!-- toggle dot  -->\n\t\t\t\t<span><\/span>\n\t\t\t\t<!-- toggle dot  -->\n\n\t\t\t<\/span>\n\n\t\t<\/div>\n\n\t\t<div data-title=\"kontakt\" class=\"elementor-element elementor-element-14ff479 e-con-full e-flex convert--none scrubbed__false pinned__false bg--none no e-con e-parent\" data-id=\"14ff479\" data-element_type=\"container\" data-e-type=\"container\">\n\t\t\n\n\n\t<div class=\"elementor-element elementor-element-9a3dac2 e-con-full e-flex convert--none scrubbed__false pinned__false bg--none no e-con e-child\" data-id=\"9a3dac2\" data-element_type=\"container\" data-e-type=\"container\">\n\t\t\t\t<div class=\"elementor-element elementor-element-eb9552c elementor-widget elementor-widget-petextwrapper\" data-id=\"eb9552c\" data-element_type=\"widget\" data-e-type=\"widget\" data-widget_type=\"petextwrapper.default\">\n\t\t\t\t<div class=\"elementor-widget-container\">\n\t\t\t\t\t\n    \n        <div class=\"text-wrapper\">\n\n            <p                class=\"text-p   no-margin  use--sec--color \"  >\n                [ Mis m\u00f5ttes? ]<\/p>\n\n        <\/div>\n\n        \t\t\t\t<\/div>\n\t\t\t\t<\/div>\n\t\t\t\t<\/div>\n\t\t\n\n\n\t<div class=\"elementor-element elementor-element-3761aa8 e-con-full e-flex convert--none scrubbed__false pinned__false bg--none no e-con e-child\" data-id=\"3761aa8\" data-element_type=\"container\" data-e-type=\"container\">\n\t\t\t\t<div class=\"elementor-element elementor-element-bbb0b25 scrubbed__false pinned__false elementor-widget elementor-widget-peforms\" data-id=\"bbb0b25\" data-element_type=\"widget\" data-e-type=\"widget\" data-widget_type=\"peforms.default\">\n\t\t\t\t<div class=\"elementor-widget-container\">\n\t\t\t\t\t\n\n    <div class=\"form--wrapper anim-multiple\" >\n\n    <div class=\"pe--form inner--anim\">\n\n      \n<div class=\"wpcf7 no-js\" id=\"wpcf7-f12643-o1\" lang=\"en-US\" dir=\"ltr\" data-wpcf7-id=\"12643\">\n<div class=\"screen-reader-response\"><p role=\"status\" aria-live=\"polite\" aria-atomic=\"true\"><\/p> <ul><\/ul><\/div>\n<form action=\"\/en\/wp-json\/wp\/v2\/pages\/13919#wpcf7-f12643-o1\" method=\"post\" class=\"wpcf7-form init\" aria-label=\"Contact form\" novalidate=\"novalidate\" data-status=\"init\">\n<fieldset class=\"hidden-fields-container\"><input type=\"hidden\" name=\"_wpcf7\" value=\"12643\" \/><input type=\"hidden\" name=\"_wpcf7_version\" value=\"6.1.5\" \/><input type=\"hidden\" name=\"_wpcf7_locale\" value=\"en_US\" \/><input type=\"hidden\" name=\"_wpcf7_unit_tag\" value=\"wpcf7-f12643-o1\" \/><input type=\"hidden\" name=\"_wpcf7_container_post\" value=\"0\" \/><input type=\"hidden\" name=\"_wpcf7_posted_data_hash\" value=\"\" \/>\n<\/fieldset>\n<div class=\"form--field\">\n\t<p><label><br \/>\n<span class=\"wpcf7-form-control-wrap\" data-name=\"text-377\"><input size=\"40\" maxlength=\"400\" class=\"wpcf7-form-control wpcf7-text wpcf7-validates-as-required\" aria-required=\"true\" aria-invalid=\"false\" placeholder=\"Eesnimi\" value=\"\" type=\"text\" name=\"text-377\" \/><\/span> <\/label>\n\t<\/p>\n<\/div>\n<div class=\"form--field\">\n\t<p><span class=\"wpcf7-form-control-wrap\" data-name=\"text-299\"><input size=\"40\" maxlength=\"400\" class=\"wpcf7-form-control wpcf7-text\" aria-invalid=\"false\" placeholder=\"Perenimi\" value=\"\" type=\"text\" name=\"text-299\" \/><\/span>\n\t<\/p>\n<\/div>\n<div class=\"form--field\">\n\t<p><span class=\"wpcf7-form-control-wrap\" data-name=\"email-605\"><input size=\"40\" maxlength=\"400\" class=\"wpcf7-form-control wpcf7-email wpcf7-validates-as-required wpcf7-text wpcf7-validates-as-email\" aria-required=\"true\" aria-invalid=\"false\" placeholder=\"Sisesta siia enda e-mail\" value=\"\" type=\"email\" name=\"email-605\" \/><\/span>\n\t<\/p>\n<\/div>\n<div class=\"form--field\">\n\t<p><span class=\"wpcf7-form-control-wrap\" data-name=\"text-739\"><input size=\"40\" maxlength=\"400\" class=\"wpcf7-form-control wpcf7-text\" aria-invalid=\"false\" placeholder=\"Ettev\u00f5tte nimi\" value=\"\" type=\"text\" name=\"text-739\" \/><\/span>\n\t<\/p>\n<\/div>\n<div class=\"form--field field-100\">\n\t<p><span class=\"wpcf7-form-control-wrap\" data-name=\"text-40\"><input size=\"40\" maxlength=\"400\" class=\"wpcf7-form-control wpcf7-text\" aria-invalid=\"false\" placeholder=\"Kuidas saame koost\u00f6\u00f6d teha?\" value=\"\" type=\"text\" name=\"text-40\" \/><\/span>\n\t<\/p>\n<\/div>\n<div class=\"form--field field-100\">\n\t<p><span class=\"wpcf7-form-control-wrap\" data-name=\"area\"><input size=\"40\" maxlength=\"400\" class=\"wpcf7-form-control wpcf7-text\" aria-invalid=\"false\" placeholder=\"\" value=\"\" type=\"text\" name=\"area\" \/><\/span>\n\t<\/p>\n<\/div>\n<p><input class=\"wpcf7-form-control wpcf7-submit has-spinner\" type=\"submit\" value=\"Saada\" \/>\n<\/p><p style=\"display: none !important;\" class=\"akismet-fields-container\" data-prefix=\"_wpcf7_ak_\"><label>&#916;<textarea name=\"_wpcf7_ak_hp_textarea\" cols=\"45\" rows=\"8\" maxlength=\"100\"><\/textarea><\/label><input type=\"hidden\" id=\"ak_js_1\" name=\"_wpcf7_ak_js\" value=\"137\"\/><script>\ndocument.getElementById( \"ak_js_1\" ).setAttribute( \"value\", ( new Date() ).getTime() );\n<\/script>\n<\/p><div class=\"wpcf7-response-output\" aria-hidden=\"true\"><\/div>\n<\/form>\n<\/div>\n\n    <\/div>\n\n    <\/div>\n\n    \t\t\t\t<\/div>\n\t\t\t\t<\/div>\n\t\t\t\t<\/div>\n\t\t\t\t<\/div>\n\t\t\n\n\n\t<a data-cursor=\"true\" data-cursor-type=\"icon\" data-cursor-text=\"\" data-cursor-icon=\"&lt;i aria-hidden=&quot;true&quot; class=&quot;material-icons-sharp md-arrow_forward&quot;&gt;&lt;\/i&gt;\" class=\"elementor-element elementor-element-410081f e-con-full e-flex convert--none scrubbed__false pinned__false bg--none no e-con e-parent\" data-id=\"410081f\" data-element_type=\"container\" data-e-type=\"container\" href=\"https:\/\/miniwal.ee\/tehtud-tood\/\">\n\t\t\t\t<div class=\"elementor-element elementor-element-c1f33cf elementor-absolute e-transform elementor-widget elementor-widget-pesingleimage\" data-id=\"c1f33cf\" data-element_type=\"widget\" data-e-type=\"widget\" data-settings=\"{&quot;_position&quot;:&quot;absolute&quot;,&quot;_transform_translateX_effect&quot;:{&quot;unit&quot;:&quot;%&quot;,&quot;size&quot;:-50,&quot;sizes&quot;:[]},&quot;_transform_translateX_effect_tablet&quot;:{&quot;unit&quot;:&quot;%&quot;,&quot;size&quot;:&quot;&quot;,&quot;sizes&quot;:[]},&quot;_transform_translateX_effect_mobile&quot;:{&quot;unit&quot;:&quot;%&quot;,&quot;size&quot;:&quot;&quot;,&quot;sizes&quot;:[]},&quot;_transform_translateY_effect&quot;:{&quot;unit&quot;:&quot;%&quot;,&quot;size&quot;:-50,&quot;sizes&quot;:[]},&quot;_transform_translateY_effect_tablet&quot;:{&quot;unit&quot;:&quot;%&quot;,&quot;size&quot;:&quot;&quot;,&quot;sizes&quot;:[]},&quot;_transform_translateY_effect_mobile&quot;:{&quot;unit&quot;:&quot;%&quot;,&quot;size&quot;:-1,&quot;sizes&quot;:[]}}\" data-widget_type=\"pesingleimage.default\">\n\t\t\t\t<div class=\"elementor-widget-container\">\n\t\t\t\t\t\n        <div class=\"single-image parallax--image false\" >\n\n                                                <img decoding=\"async\" src=\"https:\/\/miniwal.ee\/wp-content\/uploads\/2025\/01\/tehisintellekt-portfoolio-5.jpg\" title=\"tehisintellekt-portfoolio-5\" alt=\"tehisintellekt-portfoolio-5\" loading=\"lazy\" \/>\n                    \n\n                        <\/div>\n\n\n        \t\t\t\t<\/div>\n\t\t\t\t<\/div>\n\t\t\n\n\n\t<div class=\"elementor-element elementor-element-cedf549 e-con-full e-flex convert--none scrubbed__false pinned__false bg--none no e-con e-child\" data-id=\"cedf549\" data-element_type=\"container\" data-e-type=\"container\">\n\t\t\t\t<div class=\"elementor-element elementor-element-7954e6e elementor-widget elementor-widget-petextwrapper\" data-id=\"7954e6e\" data-element_type=\"widget\" data-e-type=\"widget\" data-widget_type=\"petextwrapper.default\">\n\t\t\t\t<div class=\"elementor-widget-container\">\n\t\t\t\t\t\n    \n        <div class=\"text-wrapper\">\n\n            <p                class=\"text-p     use--sec--color \"  >\n                [ PROJEKTID ]<\/p>\n\n        <\/div>\n\n        \t\t\t\t<\/div>\n\t\t\t\t<\/div>\n\t\t\t\t<\/div>\n\t\t\n\n\n\t<div class=\"elementor-element elementor-element-10abbf4 e-con-full e-flex convert--none scrubbed__false pinned__false bg--none no e-con e-child\" data-id=\"10abbf4\" data-element_type=\"container\" data-e-type=\"container\">\n\t\t\t\t<div class=\"elementor-element elementor-element-f0d7d33 elementor-widget elementor-widget-pemarquee\" data-id=\"f0d7d33\" data-element_type=\"widget\" data-e-type=\"widget\" data-widget_type=\"pemarquee.default\">\n\t\t\t\t<div class=\"elementor-widget-container\">\n\t\t\t\t\t\n      <h1 class=\"pe-marquee  left-to-right   cursor-default icon_font\" data-duration=20 data-sepduration=10 >\n\n\n        <span class=\"\">TEHTUD T\u00d6\u00d6D<\/span>\n        <div class=\"seperator \"> \n\n            \n            <i aria-hidden=\"true\" class=\"material-icons md-arrow_forward\" data-md-icon=\"arrow_forward\"><\/i>\n            \n\n\n\n        <\/div>\n\n\n\n   <\/h1>    \n    \t\t\t\t<\/div>\n\t\t\t\t<\/div>\n\t\t\t\t<\/div>\n\t\t\n\n\n\t<div class=\"elementor-element elementor-element-6e15911 e-con-full e-flex convert--none scrubbed__false pinned__false bg--none no e-con e-child\" data-id=\"6e15911\" data-element_type=\"container\" data-e-type=\"container\">\n\t\t\t\t<div class=\"elementor-element elementor-element-21f8197 elementor-widget elementor-widget-petextwrapper\" data-id=\"21f8197\" data-element_type=\"widget\" data-e-type=\"widget\" data-widget_type=\"petextwrapper.default\">\n\t\t\t\t<div class=\"elementor-widget-container\">\n\t\t\t\t\t\n    \n        <div class=\"text-wrapper\">\n\n            <p                class=\"text-p     use--sec--color \"  >\n                Minu t\u00f6\u00f6eetika p\u00f5hineb enesehoidmisel, austusel ja lubadustest kinnipidamisel. Pean oluliseks pakkuda rohkem v\u00e4\u00e4rtust kui kokkulepitud tasu eest eeldatakse. \u00dcritan panustada igasse projekti p\u00fchendumuse ja loovusega, et saavutada parim v\u00f5imalik tulemus.<\/p>\n\n        <\/div>\n\n        \t\t\t\t<\/div>\n\t\t\t\t<\/div>\n\t\t\t\t<\/div>\n\t\t\t\t<\/a>\n\t\t\t\t<\/div>\n\t\t","protected":false},"excerpt":{"rendered":"<p>SAADA KIRI SAADA KIRI SAADA KIRI SAADA KIRI SAADA KIRI SAADA KIRI SAADA KIRI SAADA KIRI Koost\u00f6\u00f6 [ KAS SOBIN&#8230;<\/p>","protected":false},"author":1,"featured_media":0,"parent":0,"menu_order":0,"comment_status":"closed","ping_status":"closed","template":"","meta":{"_acf_changed":false,"footnotes":""},"class_list":["post-13919","page","type-page","status-publish","hentry"],"acf":[],"_links":{"self":[{"href":"https:\/\/miniwal.ee\/en\/wp-json\/wp\/v2\/pages\/13919","targetHints":{"allow":["GET"]}}],"collection":[{"href":"https:\/\/miniwal.ee\/en\/wp-json\/wp\/v2\/pages"}],"about":[{"href":"https:\/\/miniwal.ee\/en\/wp-json\/wp\/v2\/types\/page"}],"author":[{"embeddable":true,"href":"https:\/\/miniwal.ee\/en\/wp-json\/wp\/v2\/users\/1"}],"replies":[{"embeddable":true,"href":"https:\/\/miniwal.ee\/en\/wp-json\/wp\/v2\/comments?post=13919"}],"version-history":[{"count":44,"href":"https:\/\/miniwal.ee\/en\/wp-json\/wp\/v2\/pages\/13919\/revisions"}],"predecessor-version":[{"id":13985,"href":"https:\/\/miniwal.ee\/en\/wp-json\/wp\/v2\/pages\/13919\/revisions\/13985"}],"wp:attachment":[{"href":"https:\/\/miniwal.ee\/en\/wp-json\/wp\/v2\/media?parent=13919"}],"curies":[{"name":"wp","href":"https:\/\/api.w.org\/{rel}","templated":true}]}}